{"id":982,"date":"2025-02-06T08:59:06","date_gmt":"2025-02-06T05:59:06","guid":{"rendered":"https:\/\/www.albayrakdogaenerji.com\/?page_id=982"},"modified":"2025-05-21T09:21:17","modified_gmt":"2025-05-21T06:21:17","slug":"154-kv-ercis-tm-yenileme-isi","status":"publish","type":"page","link":"https:\/\/www.albayrakdogaenerji.com\/de\/154-kv-ercis-tm-yenileme-isi\/","title":{"rendered":"154 kV Erci\u015f TM Renovierungsarbeiten"},"content":{"rendered":"<p>[vc_row][vc_column width=&#8220;1\/2&#8243;][vc_single_image image=&#8220;985&#8243; img_size=&#8220;full&#8220; alignment=&#8220;center&#8220;][\/vc_column][vc_column width=&#8220;1\/2&#8243;][vc_column_text]<\/p>\n<h3><strong>154 kV Erci\u015f Renovierungsarbeiten im Transformatorzentrum<\/strong><\/h3>\n<h4><strong>Arbeitgeber:<\/strong> Teia\u015f<\/h4>\n<h4><strong>Auftragnehmer:<\/strong> Sel\u00e7uk Albayrak<\/h4>\n<h4><strong>Projektdatum:<\/strong> 2010<\/h4>\n<p>[\/vc_column_text][\/vc_column][\/vc_row]<\/p>","protected":false},"excerpt":{"rendered":"<p>[vc_row][vc_column width=&#8220;1\/2&#8243;][vc_single_image image=&#8220;985&#8243; img_size=&#8220;full&#8220; alignment=&#8220;center&#8220;][\/vc_column][vc_column width=&#8220;1\/2&#8243;][vc_column_text] 154 kV Erci\u015f Renovierungsarbeiten im Transformatorzentrum Arbeitgeber: Teia\u015f Auftragnehmer: Sel\u00e7uk Albayrak Projektdatum: 2010 [\/vc_column_text][\/vc_column][\/vc_row]<\/p>\n","protected":false},"author":1,"featured_media":0,"parent":0,"menu_order":0,"comment_status":"closed","ping_status":"closed","template":"","meta":{"footnotes":""},"class_list":["post-982","page","type-page","status-publish","hentry"],"_links":{"self":[{"href":"https:\/\/www.albayrakdogaenerji.com\/de\/wp-json\/wp\/v2\/pages\/982","targetHints":{"allow":["GET"]}}],"collection":[{"href":"https:\/\/www.albayrakdogaenerji.com\/de\/wp-json\/wp\/v2\/pages"}],"about":[{"href":"https:\/\/www.albayrakdogaenerji.com\/de\/wp-json\/wp\/v2\/types\/page"}],"author":[{"embeddable":true,"href":"https:\/\/www.albayrakdogaenerji.com\/de\/wp-json\/wp\/v2\/users\/1"}],"replies":[{"embeddable":true,"href":"https:\/\/www.albayrakdogaenerji.com\/de\/wp-json\/wp\/v2\/comments?post=982"}],"version-history":[{"count":5,"href":"https:\/\/www.albayrakdogaenerji.com\/de\/wp-json\/wp\/v2\/pages\/982\/revisions"}],"predecessor-version":[{"id":1144,"href":"https:\/\/www.albayrakdogaenerji.com\/de\/wp-json\/wp\/v2\/pages\/982\/revisions\/1144"}],"wp:attachment":[{"href":"https:\/\/www.albayrakdogaenerji.com\/de\/wp-json\/wp\/v2\/media?parent=982"}],"curies":[{"name":"wp","href":"https:\/\/api.w.org\/{rel}","templated":true}]}}