{"id":831,"date":"2024-12-17T03:20:02","date_gmt":"2024-12-17T00:20:02","guid":{"rendered":"https:\/\/www.albayrakdogaenerji.com\/?page_id=831"},"modified":"2025-05-21T08:42:18","modified_gmt":"2025-05-21T05:42:18","slug":"aydinlatma-tesisleri","status":"publish","type":"page","link":"https:\/\/www.albayrakdogaenerji.com\/de\/aydinlatma-tesisleri\/","title":{"rendered":"Beleuchtungseinrichtungen"},"content":{"rendered":"<p>[vc_row][vc_column width=&#8220;1\/2&#8243;][vc_single_image image=&#8220;874&#8243; img_size=&#8220;full&#8220; alignment=&#8220;center&#8220; style=&#8220;vc_box_outline&#8220; border_color=&#8220;black&#8220; css_animation=&#8220;fadeInDown&#8220;][\/vc_column][vc_column width=&#8220;1\/2&#8243;][vc_column_text css_animation=&#8220;fadeInDown&#8220;]<\/p>\n<h4><strong>Wir bieten eine breite Palette an Beleuchtungsl\u00f6sungen f\u00fcr \u00f6ffentliche Bereiche bis hin zu privaten Projekten. Wir beleuchten Stra\u00dfen, Alleen, Parks und Industriegebiete mit \u00e4u\u00dferst energieeffizienten Systemen und produzieren nachhaltige und \u00e4sthetische L\u00f6sungen.<\/strong><\/h4>\n<p>[\/vc_column_text][\/vc_column][\/vc_row]<\/p>","protected":false},"excerpt":{"rendered":"<p>[vc_row][vc_column width=&#8220;1\/2&#8243;][vc_single_image image=&#8220;874&#8243; img_size=&#8220;full&#8220; alignment=&#8220;center&#8220; style=&#8220;vc_box_outline&#8220; border_color=&#8220;black&#8220; css_animation=&#8220;fadeInDown&#8220;][\/vc_column][vc_column width=&#8220;1\/2&#8243;][vc_column_text css_animation=&#8220;fadeInDown&#8220;] Wir bieten eine breite Palette an Beleuchtungsl\u00f6sungen f\u00fcr \u00f6ffentliche Bereiche bis hin zu privaten Projekten. Wir beleuchten Stra\u00dfen, Alleen, Parks und Industriegebiete mit \u00e4u\u00dferst energieeffizienten Systemen und produzieren nachhaltige und&#8230;<\/p>\n","protected":false},"author":1,"featured_media":0,"parent":0,"menu_order":0,"comment_status":"closed","ping_status":"closed","template":"","meta":{"footnotes":""},"class_list":["post-831","page","type-page","status-publish","hentry"],"_links":{"self":[{"href":"https:\/\/www.albayrakdogaenerji.com\/de\/wp-json\/wp\/v2\/pages\/831","targetHints":{"allow":["GET"]}}],"collection":[{"href":"https:\/\/www.albayrakdogaenerji.com\/de\/wp-json\/wp\/v2\/pages"}],"about":[{"href":"https:\/\/www.albayrakdogaenerji.com\/de\/wp-json\/wp\/v2\/types\/page"}],"author":[{"embeddable":true,"href":"https:\/\/www.albayrakdogaenerji.com\/de\/wp-json\/wp\/v2\/users\/1"}],"replies":[{"embeddable":true,"href":"https:\/\/www.albayrakdogaenerji.com\/de\/wp-json\/wp\/v2\/comments?post=831"}],"version-history":[{"count":5,"href":"https:\/\/www.albayrakdogaenerji.com\/de\/wp-json\/wp\/v2\/pages\/831\/revisions"}],"predecessor-version":[{"id":1122,"href":"https:\/\/www.albayrakdogaenerji.com\/de\/wp-json\/wp\/v2\/pages\/831\/revisions\/1122"}],"wp:attachment":[{"href":"https:\/\/www.albayrakdogaenerji.com\/de\/wp-json\/wp\/v2\/media?parent=831"}],"curies":[{"name":"wp","href":"https:\/\/api.w.org\/{rel}","templated":true}]}}