{"id":829,"date":"2024-12-17T03:19:38","date_gmt":"2024-12-17T00:19:38","guid":{"rendered":"https:\/\/www.albayrakdogaenerji.com\/?page_id=829"},"modified":"2025-05-21T08:39:55","modified_gmt":"2025-05-21T05:39:55","slug":"elektrik-dagitim-tesisleri","status":"publish","type":"page","link":"https:\/\/www.albayrakdogaenerji.com\/de\/elektrik-dagitim-tesisleri\/","title":{"rendered":"Stromverteilungsanlagen"},"content":{"rendered":"<p>[vc_row][vc_column width=&#8220;1\/2&#8243;][vc_single_image image=&#8220;870&#8243; img_size=&#8220;full&#8220; alignment=&#8220;center&#8220; style=&#8220;vc_box_outline&#8220; border_color=&#8220;black&#8220; css_animation=&#8220;fadeInDown&#8220;][\/vc_column][vc_column width=&#8220;1\/2&#8243;][vc_column_text css_animation=&#8220;fadeInDown&#8220;]<\/p>\n<h4><strong>Unsere Stromverteilungsanlagen, die St\u00e4dte und Industriegebiete unterbrechungsfrei mit Energie versorgen, sind nach den h\u00f6chsten Standards konzipiert, um einen zuverl\u00e4ssigen und effizienten Energiefluss zu gew\u00e4hrleisten. Mit unserer starken Infrastruktur liefern wir hochwertige und nachhaltige Energie an jeden Punkt.<\/strong><\/h4>\n<p>[\/vc_column_text][\/vc_column][\/vc_row]<\/p>","protected":false},"excerpt":{"rendered":"<p>[vc_row][vc_column width=&#8220;1\/2&#8243;][vc_single_image image=&#8220;870&#8243; img_size=&#8220;full&#8220; alignment=&#8220;center&#8220; style=&#8220;vc_box_outline&#8220; border_color=&#8220;black&#8220; css_animation=&#8220;fadeInDown&#8220;][\/vc_column][vc_column width=&#8220;1\/2&#8243;][vc_column_text css_animation=&#8220;fadeInDown&#8220;] Unsere Stromverteilungsanlagen, die St\u00e4dte und Industriegebiete unterbrechungsfrei mit Energie versorgen, sind nach den h\u00f6chsten Standards konzipiert, um einen zuverl\u00e4ssigen und effizienten Energiefluss zu gew\u00e4hrleisten. Mit unserer starken Infrastruktur liefern wir&#8230;<\/p>\n","protected":false},"author":1,"featured_media":0,"parent":0,"menu_order":0,"comment_status":"closed","ping_status":"closed","template":"","meta":{"footnotes":""},"class_list":["post-829","page","type-page","status-publish","hentry"],"_links":{"self":[{"href":"https:\/\/www.albayrakdogaenerji.com\/de\/wp-json\/wp\/v2\/pages\/829","targetHints":{"allow":["GET"]}}],"collection":[{"href":"https:\/\/www.albayrakdogaenerji.com\/de\/wp-json\/wp\/v2\/pages"}],"about":[{"href":"https:\/\/www.albayrakdogaenerji.com\/de\/wp-json\/wp\/v2\/types\/page"}],"author":[{"embeddable":true,"href":"https:\/\/www.albayrakdogaenerji.com\/de\/wp-json\/wp\/v2\/users\/1"}],"replies":[{"embeddable":true,"href":"https:\/\/www.albayrakdogaenerji.com\/de\/wp-json\/wp\/v2\/comments?post=829"}],"version-history":[{"count":5,"href":"https:\/\/www.albayrakdogaenerji.com\/de\/wp-json\/wp\/v2\/pages\/829\/revisions"}],"predecessor-version":[{"id":1120,"href":"https:\/\/www.albayrakdogaenerji.com\/de\/wp-json\/wp\/v2\/pages\/829\/revisions\/1120"}],"wp:attachment":[{"href":"https:\/\/www.albayrakdogaenerji.com\/de\/wp-json\/wp\/v2\/media?parent=829"}],"curies":[{"name":"wp","href":"https:\/\/api.w.org\/{rel}","templated":true}]}}