{"id":826,"date":"2024-12-17T03:18:54","date_gmt":"2024-12-17T00:18:54","guid":{"rendered":"https:\/\/www.albayrakdogaenerji.com\/?page_id=826"},"modified":"2025-05-21T08:35:19","modified_gmt":"2025-05-21T05:35:19","slug":"enerji-iletim-hatlari","status":"publish","type":"page","link":"https:\/\/www.albayrakdogaenerji.com\/de\/enerji-iletim-hatlari\/","title":{"rendered":"Energie\u00fcbertragungsleitungen"},"content":{"rendered":"<p>[vc_row][vc_column width=&#8220;1\/2&#8243;][vc_single_image image=&#8220;862&#8243; img_size=&#8220;full&#8220; alignment=&#8220;center&#8220; style=&#8220;vc_box_outline&#8220; border_color=&#8220;black&#8220; css_animation=&#8220;fadeInDown&#8220;][\/vc_column][vc_column width=&#8220;1\/2&#8243;][vc_column_text css_animation=&#8220;fadeInDown&#8220;]<\/p>\n<h4><strong>Wir installieren modernste \u00dcbertragungsleitungen, um Energie effizient und verlustfrei zu \u00fcbertragen. Mit unseren leistungsstarken Infrastruktur- und Engineering-L\u00f6sungen gew\u00e4hrleisten wir einen unterbrechungsfreien Energiefluss von den Energiequellen bis zu den Verbrauchspunkten.<\/strong><\/h4>\n<p>[\/vc_column_text][\/vc_column][\/vc_row]<\/p>","protected":false},"excerpt":{"rendered":"<p>[vc_row][vc_column width=&#8220;1\/2&#8243;][vc_single_image image=&#8220;862&#8243; img_size=&#8220;full&#8220; alignment=&#8220;center&#8220; style=&#8220;vc_box_outline&#8220; border_color=&#8220;black&#8220; css_animation=&#8220;fadeInDown&#8220;][\/vc_column][vc_column width=&#8220;1\/2&#8243;][vc_column_text css_animation=&#8220;fadeInDown&#8220;] Wir installieren modernste \u00dcbertragungsleitungen, um Energie effizient und verlustfrei zu \u00fcbertragen. Mit unseren leistungsstarken Infrastruktur- und Engineering-L\u00f6sungen gew\u00e4hrleisten wir einen unterbrechungsfreien Energiefluss von den Energiequellen bis zu den Verbrauchspunkten. [\/vc_column_text][\/vc_column][\/vc_row]<\/p>\n","protected":false},"author":1,"featured_media":0,"parent":0,"menu_order":0,"comment_status":"closed","ping_status":"closed","template":"","meta":{"footnotes":""},"class_list":["post-826","page","type-page","status-publish","hentry"],"_links":{"self":[{"href":"https:\/\/www.albayrakdogaenerji.com\/de\/wp-json\/wp\/v2\/pages\/826","targetHints":{"allow":["GET"]}}],"collection":[{"href":"https:\/\/www.albayrakdogaenerji.com\/de\/wp-json\/wp\/v2\/pages"}],"about":[{"href":"https:\/\/www.albayrakdogaenerji.com\/de\/wp-json\/wp\/v2\/types\/page"}],"author":[{"embeddable":true,"href":"https:\/\/www.albayrakdogaenerji.com\/de\/wp-json\/wp\/v2\/users\/1"}],"replies":[{"embeddable":true,"href":"https:\/\/www.albayrakdogaenerji.com\/de\/wp-json\/wp\/v2\/comments?post=826"}],"version-history":[{"count":5,"href":"https:\/\/www.albayrakdogaenerji.com\/de\/wp-json\/wp\/v2\/pages\/826\/revisions"}],"predecessor-version":[{"id":1116,"href":"https:\/\/www.albayrakdogaenerji.com\/de\/wp-json\/wp\/v2\/pages\/826\/revisions\/1116"}],"wp:attachment":[{"href":"https:\/\/www.albayrakdogaenerji.com\/de\/wp-json\/wp\/v2\/media?parent=826"}],"curies":[{"name":"wp","href":"https:\/\/api.w.org\/{rel}","templated":true}]}}