{"id":15,"date":"2014-11-11T11:14:30","date_gmt":"2014-11-11T11:14:30","guid":{"rendered":"http:\/\/anpsthemes.com\/constructo\/?page_id=15"},"modified":"2025-05-23T13:27:25","modified_gmt":"2025-05-23T10:27:25","slug":"contact-us","status":"publish","type":"page","link":"https:\/\/www.albayrakdogaenerji.com\/de\/contact-us\/","title":{"rendered":"KOMMUNIKATION"},"content":{"rendered":"<p>[vc_row css=&#8220;.vc_custom_1554987094610{margin-top: 30px !important;padding-bottom: 20px !important;}&#8220;][vc_column width=&#8220;1\/2&#8243;]<h4 class='heading-content  style-1' ><span>KOMMUNIKATION<\/span><\/h4>[vc_empty_space height=&#8220;15px&#8220;][vc_column_text css_animation=&#8220;fadeInLeft&#8220;]<\/p>\n<h3><strong>Albayrak Electric<\/strong><\/h3>\n<h4><strong>Ankara Telefon<\/strong>: 0312 473 99 35<\/h4>\n<h4><strong>Adresse: <\/strong>Yeni Mah. \u015eht. Jand. \u00dcst\u011fmn Ayta\u00e7 Kaya Sk. No:66\/Z01 Elaz\u0131\u011f<\/h4>\n<h4><strong>Zweig<\/strong>: Batisitesi Mah. Gersan San. Sitesi 2321. Cad. No:14 Bat\u0131kent-Yenimahalle-Ankara<\/h4>\n<h4><strong>Telefon<\/strong><strong>: <\/strong>0424 238 31 82 &amp; 0544 469 0458<\/h4>\n<h4><strong>E-mail: <\/strong>info@albayrakelektrik.com<\/h4>\n<p>[\/vc_column_text][\/vc_column][vc_column width=&#8220;1\/2&#8243;][vc_column_text]<iframe loading=\"lazy\" style=\"border: 0;\" src=\"https:\/\/www.google.com\/maps\/embed?pb=!1m18!1m12!1m3!1d1529.1551605530517!2d32.69446695665929!3d39.956814098841186!2m3!1f0!2f0!3f0!3m2!1i1024!2i768!4f13.1!3m3!1m2!1s0x14d337c08972b225%3A0x63b5c4f283c4809a!2sGER-SAN%20Sanayi%20Sitesi!5e0!3m2!1str!2str!4v1741670950580!5m2!1str!2str\" width=\"600\" height=\"450\" allowfullscreen=\"allowfullscreen\"><\/iframe>[\/vc_column_text][\/vc_column][\/vc_row][vc_row css=&#8220;.vc_custom_1418807519392{margin-top: 20px !important;}&#8220; has_content=&#8220;true&#8220;][vc_column]<h5 class='heading-content  style-1' ><span>SENDEN SIE IHRE NACHRICHT<\/span><\/h5>[vc_empty_space height=&#8220;15px&#8220;]\n<div class=\"wpcf7 no-js\" id=\"wpcf7-f1165-o3\" lang=\"en-US\" dir=\"ltr\" data-wpcf7-id=\"1165\">\n<div class=\"screen-reader-response\"><p role=\"status\" aria-live=\"polite\" aria-atomic=\"true\"><\/p> <ul><\/ul><\/div>\n<form action=\"\/de\/wp-json\/wp\/v2\/pages\/15#wpcf7-f1165-o3\" method=\"post\" class=\"wpcf7-form init\" aria-label=\"Contact form\" novalidate=\"novalidate\" data-status=\"init\">\n<fieldset class=\"hidden-fields-container\"><input type=\"hidden\" name=\"_wpcf7\" value=\"1165\" \/><input type=\"hidden\" name=\"_wpcf7_version\" value=\"6.1.5\" \/><input type=\"hidden\" name=\"_wpcf7_locale\" value=\"en_US\" \/><input type=\"hidden\" name=\"_wpcf7_unit_tag\" value=\"wpcf7-f1165-o3\" \/><input type=\"hidden\" name=\"_wpcf7_container_post\" value=\"0\" \/><input type=\"hidden\" name=\"_wpcf7_posted_data_hash\" value=\"\" \/>\n<\/fieldset>\n<div class=\"col-sm-5 noleftpadding\">\n\t<p><span class=\"wpcf7-form-control-wrap\" data-name=\"your-name\"><input size=\"40\" maxlength=\"400\" class=\"wpcf7-form-control wpcf7-text wpcf7-validates-as-required\" aria-required=\"true\" aria-invalid=\"false\" placeholder=\"NAME*\" value=\"\" type=\"text\" name=\"your-name\" \/><\/span>\n\t<\/p>\n\t<p><span class=\"wpcf7-form-control-wrap\" data-name=\"your-subject\"><input size=\"40\" maxlength=\"400\" class=\"wpcf7-form-control wpcf7-text\" aria-invalid=\"false\" placeholder=\"NACHNAME*\" value=\"\" type=\"text\" name=\"your-subject\" \/><\/span>\n\t<\/p>\n\t<p><span class=\"wpcf7-form-control-wrap\" data-name=\"your-email\"><input size=\"40\" maxlength=\"400\" class=\"wpcf7-form-control wpcf7-email wpcf7-validates-as-required wpcf7-text wpcf7-validates-as-email\" aria-required=\"true\" aria-invalid=\"false\" placeholder=\"E-MA\u0130L*\" value=\"\" type=\"email\" name=\"your-email\" \/><\/span>\n\t<\/p>\n<\/div>\n<div class=\"col-sm-7 norightpadding\">\n\t<p><span class=\"wpcf7-form-control-wrap\" data-name=\"your-message\"><textarea cols=\"25\" rows=\"3\" maxlength=\"2000\" class=\"wpcf7-form-control wpcf7-textarea\" aria-invalid=\"false\" placeholder=\"IHRE NACHRICHT*\" name=\"your-message\"><\/textarea><\/span>\n\t<\/p>\n\t<p><input class=\"wpcf7-form-control wpcf7-submit has-spinner\" type=\"submit\" value=\"NACHRICHT SENDEN\" \/>\n\t<\/p>\n<\/div><div class=\"wpcf7-response-output\" aria-hidden=\"true\"><\/div>\n<\/form>\n<\/div>\n[\/vc_column][\/vc_row]<\/p>","protected":false},"excerpt":{"rendered":"<p>[vc_row css=&#8220;.vc_custom_1554987094610{margin-top: 30px !important;padding-bottom: 20px !important;}&#8220;][vc_column width=&#8220;1\/2&#8243;][vc_empty_space height=&#8220;15px&#8220;][vc_column_text css_animation=&#8220;fadeInLeft&#8220;] Albayrak Electric Ankara Telefon: 0312 473 99 35 Adresse: Yeni Mah. \u015eht. Jand. \u00dcst\u011fmn Ayta\u00e7 Kaya Sk. No:66\/Z01 Elaz\u0131\u011f Zweig: Batisitesi Mah. Gersan San. Sitesi 2321. Cad. No:14 Bat\u0131kent-Yenimahalle-Ankara Telefon: 0424&#8230;<\/p>\n","protected":false},"author":1,"featured_media":0,"parent":0,"menu_order":0,"comment_status":"open","ping_status":"open","template":"","meta":{"footnotes":""},"class_list":["post-15","page","type-page","status-publish","hentry"],"_links":{"self":[{"href":"https:\/\/www.albayrakdogaenerji.com\/de\/wp-json\/wp\/v2\/pages\/15","targetHints":{"allow":["GET"]}}],"collection":[{"href":"https:\/\/www.albayrakdogaenerji.com\/de\/wp-json\/wp\/v2\/pages"}],"about":[{"href":"https:\/\/www.albayrakdogaenerji.com\/de\/wp-json\/wp\/v2\/types\/page"}],"author":[{"embeddable":true,"href":"https:\/\/www.albayrakdogaenerji.com\/de\/wp-json\/wp\/v2\/users\/1"}],"replies":[{"embeddable":true,"href":"https:\/\/www.albayrakdogaenerji.com\/de\/wp-json\/wp\/v2\/comments?post=15"}],"version-history":[{"count":10,"href":"https:\/\/www.albayrakdogaenerji.com\/de\/wp-json\/wp\/v2\/pages\/15\/revisions"}],"predecessor-version":[{"id":1166,"href":"https:\/\/www.albayrakdogaenerji.com\/de\/wp-json\/wp\/v2\/pages\/15\/revisions\/1166"}],"wp:attachment":[{"href":"https:\/\/www.albayrakdogaenerji.com\/de\/wp-json\/wp\/v2\/media?parent=15"}],"curies":[{"name":"wp","href":"https:\/\/api.w.org\/{rel}","templated":true}]}}