{"id":1091,"date":"2025-03-11T08:22:07","date_gmt":"2025-03-11T05:22:07","guid":{"rendered":"https:\/\/www.albayrakdogaenerji.com\/?page_id=1091"},"modified":"2025-05-21T08:43:49","modified_gmt":"2025-05-21T05:43:49","slug":"trafo-yangin-sondurme-sistemleri","status":"publish","type":"page","link":"https:\/\/www.albayrakdogaenerji.com\/de\/trafo-yangin-sondurme-sistemleri\/","title":{"rendered":"Transformator-Feuerl\u00f6schsysteme"},"content":{"rendered":"<p>[vc_row][vc_column width=&#8220;1\/2&#8243;][vc_single_image image=&#8220;1096&#8243; img_size=&#8220;full&#8220; alignment=&#8220;center&#8220; style=&#8220;vc_box_outline&#8220; border_color=&#8220;black&#8220; css_animation=&#8220;fadeInDown&#8220;][\/vc_column][vc_column width=&#8220;1\/2&#8243;][vc_column_text css_animation=&#8220;fadeInDown&#8220;]<\/p>\n<h4 data-start=\"0\" data-end=\"320\"><strong>Transformatoren, die bei der \u00dcbertragung und Verteilung elektrischer Energie eine entscheidende Rolle spielen, stellen aufgrund der hohen Spannung und Hitze eine Brandgefahr dar. Transformatorbr\u00e4nde k\u00f6nnen sowohl zu finanziellen Verlusten als auch zu Stromausf\u00e4llen f\u00fchren. Daher ist der Einsatz von Feuerl\u00f6schsystemen in Umspannwerken unerl\u00e4sslich.<\/strong><\/h4>\n<h4 data-start=\"0\" data-end=\"320\"><strong>Was sind Transformator-Feuerl\u00f6schsysteme?<\/strong><\/h4>\n<h4 data-start=\"0\" data-end=\"320\"><strong>Transformator-Feuerl\u00f6schsysteme sind spezielle Systeme zur schnellen und effektiven Erkennung und L\u00f6schung von Br\u00e4nden, die in Transformatorzentren auftreten k\u00f6nnen. Diese Systeme verhindern gr\u00f6\u00dfere Sch\u00e4den und langfristige Stromausf\u00e4lle, indem sie den Brand fr\u00fchzeitig unter Kontrolle bringen. Dar\u00fcber hinaus gew\u00e4hrleistet es die Sicherheit der Menschen in der Umgebung und minimiert Umweltsch\u00e4den.<\/strong><\/h4>\n<p>[\/vc_column_text][\/vc_column][\/vc_row]<\/p>","protected":false},"excerpt":{"rendered":"<p>[vc_row][vc_column width=&#8220;1\/2&#8243;][vc_single_image image=&#8220;1096&#8243; img_size=&#8220;full&#8220; alignment=&#8220;center&#8220; style=&#8220;vc_box_outline&#8220; border_color=&#8220;black&#8220; css_animation=&#8220;fadeInDown&#8220;][\/vc_column][vc_column width=&#8220;1\/2&#8243;][vc_column_text css_animation=&#8220;fadeInDown&#8220;] Transformatoren, die bei der \u00dcbertragung und Verteilung elektrischer Energie eine entscheidende Rolle spielen, stellen aufgrund der hohen Spannung und Hitze eine Brandgefahr dar. Transformatorbr\u00e4nde k\u00f6nnen sowohl zu finanziellen Verlusten als&#8230;<\/p>\n","protected":false},"author":1,"featured_media":0,"parent":0,"menu_order":0,"comment_status":"closed","ping_status":"closed","template":"","meta":{"footnotes":""},"class_list":["post-1091","page","type-page","status-publish","hentry"],"_links":{"self":[{"href":"https:\/\/www.albayrakdogaenerji.com\/de\/wp-json\/wp\/v2\/pages\/1091","targetHints":{"allow":["GET"]}}],"collection":[{"href":"https:\/\/www.albayrakdogaenerji.com\/de\/wp-json\/wp\/v2\/pages"}],"about":[{"href":"https:\/\/www.albayrakdogaenerji.com\/de\/wp-json\/wp\/v2\/types\/page"}],"author":[{"embeddable":true,"href":"https:\/\/www.albayrakdogaenerji.com\/de\/wp-json\/wp\/v2\/users\/1"}],"replies":[{"embeddable":true,"href":"https:\/\/www.albayrakdogaenerji.com\/de\/wp-json\/wp\/v2\/comments?post=1091"}],"version-history":[{"count":4,"href":"https:\/\/www.albayrakdogaenerji.com\/de\/wp-json\/wp\/v2\/pages\/1091\/revisions"}],"predecessor-version":[{"id":1123,"href":"https:\/\/www.albayrakdogaenerji.com\/de\/wp-json\/wp\/v2\/pages\/1091\/revisions\/1123"}],"wp:attachment":[{"href":"https:\/\/www.albayrakdogaenerji.com\/de\/wp-json\/wp\/v2\/media?parent=1091"}],"curies":[{"name":"wp","href":"https:\/\/api.w.org\/{rel}","templated":true}]}}