{"id":1018,"date":"2025-02-06T10:00:04","date_gmt":"2025-02-06T07:00:04","guid":{"rendered":"https:\/\/www.albayrakdogaenerji.com\/?page_id=1018"},"modified":"2025-05-21T09:31:17","modified_gmt":"2025-05-21T06:31:17","slug":"154-kv-habas-kartepe-merkezi","status":"publish","type":"page","link":"https:\/\/www.albayrakdogaenerji.com\/de\/154-kv-habas-kartepe-merkezi\/","title":{"rendered":"154 kV Haba\u015f Kartepe Umspannwerk"},"content":{"rendered":"<p>[vc_row][vc_column width=&#8220;1\/2&#8243;][vc_single_image image=&#8220;1022&#8243; img_size=&#8220;full&#8220; alignment=&#8220;center&#8220;][\/vc_column][vc_column width=&#8220;1\/2&#8243;][vc_column_text]<\/p>\n<h3><strong>154 kV Haba\u015f Kartepe Umspannwerk<\/strong><\/h3>\n<h4><strong>Arbeitgeber: <\/strong>Haba\u015f<\/h4>\n<h4><strong>Auftragnehmer:<\/strong> Sel\u00e7uk Albayrak<\/h4>\n<h4><strong>Projektdatum:<\/strong><\/h4>\n<p>[\/vc_column_text][\/vc_column][\/vc_row]<\/p>","protected":false},"excerpt":{"rendered":"<p>[vc_row][vc_column width=&#8220;1\/2&#8243;][vc_single_image image=&#8220;1022&#8243; img_size=&#8220;full&#8220; alignment=&#8220;center&#8220;][\/vc_column][vc_column width=&#8220;1\/2&#8243;][vc_column_text] 154 kV Haba\u015f Kartepe Umspannwerk Arbeitgeber: Haba\u015f Auftragnehmer: Sel\u00e7uk Albayrak Projektdatum: [\/vc_column_text][\/vc_column][\/vc_row]<\/p>\n","protected":false},"author":1,"featured_media":0,"parent":0,"menu_order":0,"comment_status":"closed","ping_status":"closed","template":"","meta":{"footnotes":""},"class_list":["post-1018","page","type-page","status-publish","hentry"],"_links":{"self":[{"href":"https:\/\/www.albayrakdogaenerji.com\/de\/wp-json\/wp\/v2\/pages\/1018","targetHints":{"allow":["GET"]}}],"collection":[{"href":"https:\/\/www.albayrakdogaenerji.com\/de\/wp-json\/wp\/v2\/pages"}],"about":[{"href":"https:\/\/www.albayrakdogaenerji.com\/de\/wp-json\/wp\/v2\/types\/page"}],"author":[{"embeddable":true,"href":"https:\/\/www.albayrakdogaenerji.com\/de\/wp-json\/wp\/v2\/users\/1"}],"replies":[{"embeddable":true,"href":"https:\/\/www.albayrakdogaenerji.com\/de\/wp-json\/wp\/v2\/comments?post=1018"}],"version-history":[{"count":4,"href":"https:\/\/www.albayrakdogaenerji.com\/de\/wp-json\/wp\/v2\/pages\/1018\/revisions"}],"predecessor-version":[{"id":1153,"href":"https:\/\/www.albayrakdogaenerji.com\/de\/wp-json\/wp\/v2\/pages\/1018\/revisions\/1153"}],"wp:attachment":[{"href":"https:\/\/www.albayrakdogaenerji.com\/de\/wp-json\/wp\/v2\/media?parent=1018"}],"curies":[{"name":"wp","href":"https:\/\/api.w.org\/{rel}","templated":true}]}}